{"id":753,"date":"2024-04-03T20:09:04","date_gmt":"2024-04-03T20:09:04","guid":{"rendered":"https:\/\/siluetaya.com\/shop\/?post_type=product&#038;p=753"},"modified":"2024-04-03T20:10:48","modified_gmt":"2024-04-03T20:10:48","slug":"paquete-bronce-10-piezas","status":"publish","type":"product","link":"https:\/\/siluetaya.com\/shop\/producto\/paquete-bronce-10-piezas\/","title":{"rendered":"Paquete bronce 10 piezas"},"content":{"rendered":"<p>Paquete inicial silueta ya<br \/>\n\u00a1Descubre el poder de la naturaleza con el paquete bronce de Siluetaya! Este paquete incluye 10 ra\u00edces en trocitos, cuidadosamente seleccionadas para asegurar la m\u00e1xima calidad y frescura. Nuestros productos son 100% naturales y est\u00e1n dise\u00f1ados para complementar tu estilo de vida saludable. Con Siluetaya, puedes disfrutar de los beneficios de las ra\u00edces en su forma m\u00e1s pura y natural. \u00a1Dale un toque de sabor y bienestar a tu d\u00eda a d\u00eda con el paquete bronce de Siluetaya!<\/p>\n","protected":false},"excerpt":{"rendered":"<p>Paquete inicial silueta ya \u00a1Descubre el poder de la naturaleza con el paquete bronce de Siluetaya! Este paquete incluye 10 ra\u00edces en trocitos, cuidadosamente seleccionadas para asegurar la m\u00e1xima calidad y frescura. Nuestros productos son 100% naturales y est\u00e1n dise\u00f1ados para complementar tu estilo de vida saludable. Con Siluetaya, puedes disfrutar de los beneficios de [&hellip;]<\/p>\n","protected":false},"featured_media":207,"template":"","meta":{"site-sidebar-layout":"default","site-content-layout":"","ast-site-content-layout":"default","site-content-style":"default","site-sidebar-style":"default","ast-global-header-display":"","ast-banner-title-visibility":"","ast-main-header-display":"","ast-hfb-above-header-display":"","ast-hfb-below-header-display":"","ast-hfb-mobile-header-display":"","site-post-title":"","ast-breadcrumbs-content":"","ast-featured-img":"","footer-sml-layout":"","ast-disable-related-posts":"","theme-transparent-header-meta":"default","adv-header-id-meta":"","stick-header-meta":"","header-above-stick-meta":"","header-main-stick-meta":"","header-below-stick-meta":"","astra-migrate-meta-layouts":"set","ast-page-background-enabled":"default","ast-page-background-meta":{"desktop":{"background-color":"var(--ast-global-color-4)","background-image":"","background-repeat":"repeat","background-position":"center center","background-size":"auto","background-attachment":"scroll","background-type":"","background-media":"","overlay-type":"","overlay-color":"","overlay-opacity":"","overlay-gradient":""},"tablet":{"background-color":"","background-image":"","background-repeat":"repeat","background-position":"center center","background-size":"auto","background-attachment":"scroll","background-type":"","background-media":"","overlay-type":"","overlay-color":"","overlay-opacity":"","overlay-gradient":""},"mobile":{"background-color":"","background-image":"","background-repeat":"repeat","background-position":"center center","background-size":"auto","background-attachment":"scroll","background-type":"","background-media":"","overlay-type":"","overlay-color":"","overlay-opacity":"","overlay-gradient":""}},"ast-content-background-meta":{"desktop":{"background-color":"var(--ast-global-color-5)","background-image":"","background-repeat":"repeat","background-position":"center center","background-size":"auto","background-attachment":"scroll","background-type":"","background-media":"","overlay-type":"","overlay-color":"","overlay-opacity":"","overlay-gradient":""},"tablet":{"background-color":"var(--ast-global-color-5)","background-image":"","background-repeat":"repeat","background-position":"center center","background-size":"auto","background-attachment":"scroll","background-type":"","background-media":"","overlay-type":"","overlay-color":"","overlay-opacity":"","overlay-gradient":""},"mobile":{"background-color":"var(--ast-global-color-5)","background-image":"","background-repeat":"repeat","background-position":"center center","background-size":"auto","background-attachment":"scroll","background-type":"","background-media":"","overlay-type":"","overlay-color":"","overlay-opacity":"","overlay-gradient":""}}},"product_brand":[],"product_cat":[30],"product_tag":[],"class_list":{"0":"post-753","1":"product","2":"type-product","3":"status-publish","4":"has-post-thumbnail","6":"product_cat-paquete","7":"desktop-align-left","8":"tablet-align-left","9":"mobile-align-left","11":"first","12":"instock","13":"shipping-taxable","14":"purchasable","15":"product-type-simple"},"_links":{"self":[{"href":"https:\/\/siluetaya.com\/shop\/wp-json\/wp\/v2\/product\/753","targetHints":{"allow":["GET"]}}],"collection":[{"href":"https:\/\/siluetaya.com\/shop\/wp-json\/wp\/v2\/product"}],"about":[{"href":"https:\/\/siluetaya.com\/shop\/wp-json\/wp\/v2\/types\/product"}],"wp:featuredmedia":[{"embeddable":true,"href":"https:\/\/siluetaya.com\/shop\/wp-json\/wp\/v2\/media\/207"}],"wp:attachment":[{"href":"https:\/\/siluetaya.com\/shop\/wp-json\/wp\/v2\/media?parent=753"}],"wp:term":[{"taxonomy":"product_brand","embeddable":true,"href":"https:\/\/siluetaya.com\/shop\/wp-json\/wp\/v2\/product_brand?post=753"},{"taxonomy":"product_cat","embeddable":true,"href":"https:\/\/siluetaya.com\/shop\/wp-json\/wp\/v2\/product_cat?post=753"},{"taxonomy":"product_tag","embeddable":true,"href":"https:\/\/siluetaya.com\/shop\/wp-json\/wp\/v2\/product_tag?post=753"}],"curies":[{"name":"wp","href":"https:\/\/api.w.org\/{rel}","templated":true}]}}