{"id":263,"date":"2023-03-17T17:30:12","date_gmt":"2023-03-17T17:30:12","guid":{"rendered":"https:\/\/new.siluetaya.com\/?post_type=product&#038;p=263"},"modified":"2024-06-01T00:08:37","modified_gmt":"2024-06-01T00:08:37","slug":"duo-mjya-upp-ya","status":"publish","type":"product","link":"https:\/\/siluetaya.com\/shop\/producto\/duo-mjya-upp-ya\/","title":{"rendered":"D\u00daO MJ+Ya + UPP-Ya"},"content":{"rendered":"","protected":false},"excerpt":{"rendered":"<p><strong><i>MJ+Ya:<\/i><\/strong><br \/>\nSuplemento a base de moringa y jengibre.<br \/>\nEnvase con 60 c\u00e1psulas para un mes de duraci\u00f3n.<\/p>\n<p><strong><i>UPP-Ya:<\/i><\/strong><br \/>\nC\u00e1psulas para u\u00f1as, pelo y piel.<br \/>\nCol\u00e1geno hidrolizado, biotina, coenzima Q10 y vitamina E.<\/p>\n<ol>\n<li type=\"disc\"><strong>Modo de uso:<\/strong><strong><i>MJ+Ya:<\/i><\/strong><br \/>\nToma 2 c\u00e1psulas de MJ+Ya todos los d\u00edas, una por la ma\u00f1ana y una por la tarde, despu\u00e9s de los alimentos.<\/p>\n<p><strong><i>UPP-Ya:<\/i><\/strong><br \/>\n2 c\u00e1psulas diarias (1 por la ma\u00f1ana y otra por la noche).<\/li>\n<li type=\"disc\"><strong>Contraindicaciones:<\/strong><br \/>\nNo consumir en caso de embarazo o lactancia.<br \/>\nNo exceder la dosis diaria recomendada.<\/li>\n<\/ol>\n","protected":false},"featured_media":264,"template":"","meta":{"site-sidebar-layout":"default","site-content-layout":"default","ast-site-content-layout":"default","site-content-style":"default","site-sidebar-style":"default","ast-global-header-display":"","ast-banner-title-visibility":"","ast-main-header-display":"","ast-hfb-above-header-display":"","ast-hfb-below-header-display":"","ast-hfb-mobile-header-display":"","site-post-title":"","ast-breadcrumbs-content":"","ast-featured-img":"","footer-sml-layout":"","ast-disable-related-posts":"","theme-transparent-header-meta":"default","adv-header-id-meta":"","stick-header-meta":"","header-above-stick-meta":"","header-main-stick-meta":"","header-below-stick-meta":"","astra-migrate-meta-layouts":"set","ast-page-background-enabled":"default","ast-page-background-meta":{"desktop":{"background-color":"var(--ast-global-color-4)","background-image":"","background-repeat":"repeat","background-position":"center center","background-size":"auto","background-attachment":"scroll","background-type":"","background-media":"","overlay-type":"","overlay-color":"","overlay-opacity":"","overlay-gradient":""},"tablet":{"background-color":"","background-image":"","background-repeat":"repeat","background-position":"center center","background-size":"auto","background-attachment":"scroll","background-type":"","background-media":"","overlay-type":"","overlay-color":"","overlay-opacity":"","overlay-gradient":""},"mobile":{"background-color":"","background-image":"","background-repeat":"repeat","background-position":"center center","background-size":"auto","background-attachment":"scroll","background-type":"","background-media":"","overlay-type":"","overlay-color":"","overlay-opacity":"","overlay-gradient":""}},"ast-content-background-meta":{"desktop":{"background-color":"var(--ast-global-color-5)","background-image":"","background-repeat":"repeat","background-position":"center center","background-size":"auto","background-attachment":"scroll","background-type":"","background-media":"","overlay-type":"","overlay-color":"","overlay-opacity":"","overlay-gradient":""},"tablet":{"background-color":"var(--ast-global-color-5)","background-image":"","background-repeat":"repeat","background-position":"center center","background-size":"auto","background-attachment":"scroll","background-type":"","background-media":"","overlay-type":"","overlay-color":"","overlay-opacity":"","overlay-gradient":""},"mobile":{"background-color":"var(--ast-global-color-5)","background-image":"","background-repeat":"repeat","background-position":"center center","background-size":"auto","background-attachment":"scroll","background-type":"","background-media":"","overlay-type":"","overlay-color":"","overlay-opacity":"","overlay-gradient":""}}},"product_brand":[],"product_cat":[31],"product_tag":[],"class_list":{"0":"post-263","1":"product","2":"type-product","3":"status-publish","4":"has-post-thumbnail","6":"product_cat-duo","7":"desktop-align-left","8":"tablet-align-left","9":"mobile-align-left","11":"first","12":"instock","13":"shipping-taxable","14":"purchasable","15":"product-type-simple"},"_links":{"self":[{"href":"https:\/\/siluetaya.com\/shop\/wp-json\/wp\/v2\/product\/263","targetHints":{"allow":["GET"]}}],"collection":[{"href":"https:\/\/siluetaya.com\/shop\/wp-json\/wp\/v2\/product"}],"about":[{"href":"https:\/\/siluetaya.com\/shop\/wp-json\/wp\/v2\/types\/product"}],"wp:featuredmedia":[{"embeddable":true,"href":"https:\/\/siluetaya.com\/shop\/wp-json\/wp\/v2\/media\/264"}],"wp:attachment":[{"href":"https:\/\/siluetaya.com\/shop\/wp-json\/wp\/v2\/media?parent=263"}],"wp:term":[{"taxonomy":"product_brand","embeddable":true,"href":"https:\/\/siluetaya.com\/shop\/wp-json\/wp\/v2\/product_brand?post=263"},{"taxonomy":"product_cat","embeddable":true,"href":"https:\/\/siluetaya.com\/shop\/wp-json\/wp\/v2\/product_cat?post=263"},{"taxonomy":"product_tag","embeddable":true,"href":"https:\/\/siluetaya.com\/shop\/wp-json\/wp\/v2\/product_tag?post=263"}],"curies":[{"name":"wp","href":"https:\/\/api.w.org\/{rel}","templated":true}]}}