{"id":259,"date":"2023-03-17T17:25:07","date_gmt":"2023-03-17T17:25:07","guid":{"rendered":"https:\/\/new.siluetaya.com\/?post_type=product&#038;p=259"},"modified":"2024-10-04T16:51:49","modified_gmt":"2024-10-04T21:51:49","slug":"duo-raiz-de-tejocote-doreya","status":"publish","type":"product","link":"https:\/\/siluetaya.com\/shop\/producto\/duo-raiz-de-tejocote-doreya\/","title":{"rendered":"D\u00daO ra\u00edz de tejocote + Dor\u00e9Ya"},"content":{"rendered":"","protected":false},"excerpt":{"rendered":"<p><strong><i>Ra\u00edz de tejocote:<\/i><\/strong><br \/>\nSuplemento alimenticio 100% ra\u00edz de tejocote.<br \/>\nTrocitos de ra\u00edz de tejocote 100% natural.<br \/>\nProcesados artesanalmente con alto nivelde calidad. \u00a1Sin qu\u00edmicos a\u00f1adidos!.<\/p>\n<p><strong><i>Dor\u00e9Ya:<\/i><\/strong><br \/>\nTodo los beneficios de la leche dorada ahora con maca y goji.<br \/>\nSuplemento alimenticio en polvo a base de: c\u00farcuma, cardamomo, jengibre, maca, goji, canela y pimienta negra.<br \/>\n\u00a1Activa tu d\u00eda, 100% natural!<\/p>\n<ol>\n<li type=\"disc\"><strong>Modo de uso:<\/strong><strong><i>Ra\u00edz de Tejocote:<\/i><\/strong><br \/>\nToma un trozo diario por la ma\u00f1ana o en la noche (despu\u00e9s de los alimentos). \u00a1Mejora su acci\u00f3n !Tomando 2 litros de agua alcalina NEUYa al d\u00eda y MJ+Ya (moringa + jengibre), manteniendo una dieta rica en potasio y vitaminas.<strong><i>Dor\u00e9Ya:<\/i><\/strong><br \/>\nT\u00f3malo en las ma\u00f1anas con tu leche vegetal favorita o agua.<\/li>\n<li type=\"disc\"><strong>Contraindicaciones:<\/strong><br \/>\nNo consumir en caso de embarazo o lactancia.<br \/>\nNo exceder la dosis diaria recomendada.<\/li>\n<\/ol>\n","protected":false},"featured_media":260,"template":"","meta":{"site-sidebar-layout":"default","site-content-layout":"default","ast-site-content-layout":"default","site-content-style":"default","site-sidebar-style":"default","ast-global-header-display":"","ast-banner-title-visibility":"","ast-main-header-display":"","ast-hfb-above-header-display":"","ast-hfb-below-header-display":"","ast-hfb-mobile-header-display":"","site-post-title":"","ast-breadcrumbs-content":"","ast-featured-img":"","footer-sml-layout":"","ast-disable-related-posts":"","theme-transparent-header-meta":"default","adv-header-id-meta":"","stick-header-meta":"","header-above-stick-meta":"","header-main-stick-meta":"","header-below-stick-meta":"","astra-migrate-meta-layouts":"set","ast-page-background-enabled":"default","ast-page-background-meta":{"desktop":{"background-color":"var(--ast-global-color-4)","background-image":"","background-repeat":"repeat","background-position":"center center","background-size":"auto","background-attachment":"scroll","background-type":"","background-media":"","overlay-type":"","overlay-color":"","overlay-opacity":"","overlay-gradient":""},"tablet":{"background-color":"","background-image":"","background-repeat":"repeat","background-position":"center center","background-size":"auto","background-attachment":"scroll","background-type":"","background-media":"","overlay-type":"","overlay-color":"","overlay-opacity":"","overlay-gradient":""},"mobile":{"background-color":"","background-image":"","background-repeat":"repeat","background-position":"center center","background-size":"auto","background-attachment":"scroll","background-type":"","background-media":"","overlay-type":"","overlay-color":"","overlay-opacity":"","overlay-gradient":""}},"ast-content-background-meta":{"desktop":{"background-color":"var(--ast-global-color-5)","background-image":"","background-repeat":"repeat","background-position":"center center","background-size":"auto","background-attachment":"scroll","background-type":"","background-media":"","overlay-type":"","overlay-color":"","overlay-opacity":"","overlay-gradient":""},"tablet":{"background-color":"var(--ast-global-color-5)","background-image":"","background-repeat":"repeat","background-position":"center center","background-size":"auto","background-attachment":"scroll","background-type":"","background-media":"","overlay-type":"","overlay-color":"","overlay-opacity":"","overlay-gradient":""},"mobile":{"background-color":"var(--ast-global-color-5)","background-image":"","background-repeat":"repeat","background-position":"center center","background-size":"auto","background-attachment":"scroll","background-type":"","background-media":"","overlay-type":"","overlay-color":"","overlay-opacity":"","overlay-gradient":""}}},"product_brand":[],"product_cat":[31],"product_tag":[],"class_list":{"0":"post-259","1":"product","2":"type-product","3":"status-publish","4":"has-post-thumbnail","6":"product_cat-duo","7":"desktop-align-left","8":"tablet-align-left","9":"mobile-align-left","11":"first","12":"instock","13":"shipping-taxable","14":"purchasable","15":"product-type-simple"},"_links":{"self":[{"href":"https:\/\/siluetaya.com\/shop\/wp-json\/wp\/v2\/product\/259","targetHints":{"allow":["GET"]}}],"collection":[{"href":"https:\/\/siluetaya.com\/shop\/wp-json\/wp\/v2\/product"}],"about":[{"href":"https:\/\/siluetaya.com\/shop\/wp-json\/wp\/v2\/types\/product"}],"wp:featuredmedia":[{"embeddable":true,"href":"https:\/\/siluetaya.com\/shop\/wp-json\/wp\/v2\/media\/260"}],"wp:attachment":[{"href":"https:\/\/siluetaya.com\/shop\/wp-json\/wp\/v2\/media?parent=259"}],"wp:term":[{"taxonomy":"product_brand","embeddable":true,"href":"https:\/\/siluetaya.com\/shop\/wp-json\/wp\/v2\/product_brand?post=259"},{"taxonomy":"product_cat","embeddable":true,"href":"https:\/\/siluetaya.com\/shop\/wp-json\/wp\/v2\/product_cat?post=259"},{"taxonomy":"product_tag","embeddable":true,"href":"https:\/\/siluetaya.com\/shop\/wp-json\/wp\/v2\/product_tag?post=259"}],"curies":[{"name":"wp","href":"https:\/\/api.w.org\/{rel}","templated":true}]}}